{"id":129,"date":"2014-05-05T08:48:32","date_gmt":"2014-05-05T07:48:32","guid":{"rendered":"http:\/\/www.biro-sistem.hr\/?page_id=129"},"modified":"2016-02-04T09:46:09","modified_gmt":"2016-02-04T08:46:09","slug":"uvjeti-koristenja","status":"publish","type":"page","link":"http:\/\/www.biro-sistem.hr\/?page_id=129","title":{"rendered":"Uvjeti kori\u0161tenja"},"content":{"rendered":"<h3>\u00bb Kola\u010di\u0107i (cookies)<\/h3>\n<p>Kola\u010di\u0107i su male tekstualne datoteke koje \u0161alje internetska stranica i koji se pohranjuju u internetskom pregledniku (ure\u0111aju) za pristup stranici. Koriste se kako bi se postiglo bolje korisni\u010dko iskustvo. Uz njihovu pomo\u0107 internetska stranica \u201epamti\u201c vrijeme va\u0161eg posjeta (privremeni kola\u010di\u0107i\/session cookies) ili va\u0161 ponovni posjet stranici (trajni kola\u010di\u0107i\/persistant cookies). Kada se ure\u0111aj vrati na internetsku stranicu, podaci koji su pohranjeni u kola\u010di\u0107u mogu se vratiti na\u0161oj internetskoj stranici.<\/p>\n<p>Kola\u010di\u0107e mogu postaviti internetske stranice koje ste posjetili (kola\u010di\u0107i prve strane\/first party cookies), a mogu ih i postaviti druge internetske stranice\/usluge koje prikazuju sadr\u017eaj na stranici koju gledate (kola\u010di\u0107i tre\u0107ih strana\/third party cookies) &#8211; npr. Youtube, Facebook.<\/p>\n","protected":false},"excerpt":{"rendered":"<p>\u00bb Kola\u010di\u0107i (cookies) Kola\u010di\u0107i su male tekstualne datoteke koje \u0161alje internetska stranica i koji se pohranjuju u internetskom pregledniku (ure\u0111aju) za pristup stranici. Koriste se kako bi se postiglo bolje korisni\u010dko iskustvo. Uz njihovu pomo\u0107 internetska stranica \u201epamti\u201c vrijeme va\u0161eg posjeta (privremeni kola\u010di\u0107i\/session cookies) ili va\u0161 ponovni posjet stranici (trajni kola\u010di\u0107i\/persistant cookies). Kada se ure\u0111aj [&hellip;]<\/p>\n","protected":false},"author":1,"featured_media":0,"parent":0,"menu_order":0,"comment_status":"closed","ping_status":"closed","template":"template-fullwidth.php","meta":[],"_links":{"self":[{"href":"http:\/\/www.biro-sistem.hr\/index.php?rest_route=\/wp\/v2\/pages\/129"}],"collection":[{"href":"http:\/\/www.biro-sistem.hr\/index.php?rest_route=\/wp\/v2\/pages"}],"about":[{"href":"http:\/\/www.biro-sistem.hr\/index.php?rest_route=\/wp\/v2\/types\/page"}],"author":[{"embeddable":true,"href":"http:\/\/www.biro-sistem.hr\/index.php?rest_route=\/wp\/v2\/users\/1"}],"replies":[{"embeddable":true,"href":"http:\/\/www.biro-sistem.hr\/index.php?rest_route=%2Fwp%2Fv2%2Fcomments&post=129"}],"version-history":[{"count":30,"href":"http:\/\/www.biro-sistem.hr\/index.php?rest_route=\/wp\/v2\/pages\/129\/revisions"}],"predecessor-version":[{"id":732,"href":"http:\/\/www.biro-sistem.hr\/index.php?rest_route=\/wp\/v2\/pages\/129\/revisions\/732"}],"wp:attachment":[{"href":"http:\/\/www.biro-sistem.hr\/index.php?rest_route=%2Fwp%2Fv2%2Fmedia&parent=129"}],"curies":[{"name":"wp","href":"https:\/\/api.w.org\/{rel}","templated":true}]}}